{"id":97,"date":"2020-07-04T17:39:41","date_gmt":"2020-07-04T15:39:41","guid":{"rendered":"https:\/\/www.magnus-hoffmann-schule.de\/?page_id=97"},"modified":"2026-02-18T09:07:01","modified_gmt":"2026-02-18T08:07:01","slug":"foerderverein","status":"publish","type":"page","link":"https:\/\/www.magnus-hoffmann-schule.de\/?page_id=97","title":{"rendered":"Schulf\u00f6rderverein &#8222;Schulverein der Magnus-Hoffmann-Grundschule gem. e.V.&#8220;"},"content":{"rendered":"\n<p>Der <strong>Schulverein der Magnus-Hoffmann-Grundschule gem. e.V.<\/strong> wurde im April 2013 gegr\u00fcndet, und hat sich zur Aufgabe gemacht, die vielf\u00e4ltigen Belange der Schule zum Wohle der Kinder<\/p>\n\n\n\n<p>&#8211; insbesondere in erzieherischer, sozialer, unterrichtlicher, sportlicher und kultureller Beziehung &#8211;<\/p>\n\n\n\n<p>zu f\u00f6rdern.<\/p>\n\n\n\n<p>Wichtig ist uns dabei, die Lehrkr\u00e4fte bei der Umsetzung von Projekten und Beschaffung von Materialien zu unterst\u00fctzen und zu begleiten. Ebenso m\u00fcssen bauliche Ma\u00dfnahmen im Au\u00dfen- und Innenbereich beantragt, geplant und finanziert werden, f\u00fcr die im st\u00e4dtischen Haushalt oft die Gelder fehlen. Hier pr\u00fcfen wir als Verein, wo wir helfen und t\u00e4tig werden k\u00f6nnen.<\/p>\n\n\n\n<p>Der Jahresbeitrag f\u00fcr Privatpersonen betr\u00e4gt mindestens 12 Euro.<\/p>\n\n\n\n<p>F\u00fcr Vereine, Firmen und Institutionen betr\u00e4gt dieser mindestens 120 Euro im Jahr.<\/p>\n\n\n\n<p>Antr\u00e4ge f\u00fcr eine Mitgliedschaft finden Sie <a href=\"https:\/\/www.schulverein-kirchmoeser.de\/\">hier<\/a> zum Download oder im Sekretariat der Schule.<\/p>\n\n\n\n<p><strong>Kontaktm\u00f6glichkeiten:<\/strong><\/p>\n\n\n\n<p>via E-Mail: <a href=\"mailto:info@schulverein-kirchmoeser.de\">info@schulverein-kirchmoeser.de<\/a><\/p>\n\n\n\n<p>via Website: <a href=\"https:\/\/www.schulverein-kirchmoeser.de\/\">https:\/\/www.schulverein-kirchmoeser.de\/<\/a><\/p>\n\n\n\n<p><\/p>\n","protected":false},"excerpt":{"rendered":"<p>Der Schulverein der Magnus-Hoffmann-Grundschule gem. e.V. wurde im April 2013 gegr\u00fcndet, und hat sich zur Aufgabe gemacht, die vielf\u00e4ltigen Belange der Schule zum Wohle der Kinder &#8211; insbesondere in erzieherischer, sozialer, unterrichtlicher, sportlicher und kultureller Beziehung &#8211; zu f\u00f6rdern. Wichtig ist uns dabei, die Lehrkr\u00e4fte bei der Umsetzung von Projekten und Beschaffung von Materialien zu &hellip; <\/p>\n<p class=\"link-more\"><a href=\"https:\/\/www.magnus-hoffmann-schule.de\/?page_id=97\" class=\"more-link\"><span class=\"screen-reader-text\">\u201eSchulf\u00f6rderverein &#8222;Schulverein der Magnus-Hoffmann-Grundschule gem. e.V.&#8220;\u201c<\/span> weiterlesen<\/a><\/p>\n","protected":false},"author":4,"featured_media":0,"parent":0,"menu_order":0,"comment_status":"closed","ping_status":"closed","template":"","meta":[],"_links":{"self":[{"href":"https:\/\/www.magnus-hoffmann-schule.de\/index.php?rest_route=\/wp\/v2\/pages\/97"}],"collection":[{"href":"https:\/\/www.magnus-hoffmann-schule.de\/index.php?rest_route=\/wp\/v2\/pages"}],"about":[{"href":"https:\/\/www.magnus-hoffmann-schule.de\/index.php?rest_route=\/wp\/v2\/types\/page"}],"author":[{"embeddable":true,"href":"https:\/\/www.magnus-hoffmann-schule.de\/index.php?rest_route=\/wp\/v2\/users\/4"}],"replies":[{"embeddable":true,"href":"https:\/\/www.magnus-hoffmann-schule.de\/index.php?rest_route=%2Fwp%2Fv2%2Fcomments&post=97"}],"version-history":[{"count":6,"href":"https:\/\/www.magnus-hoffmann-schule.de\/index.php?rest_route=\/wp\/v2\/pages\/97\/revisions"}],"predecessor-version":[{"id":1787,"href":"https:\/\/www.magnus-hoffmann-schule.de\/index.php?rest_route=\/wp\/v2\/pages\/97\/revisions\/1787"}],"wp:attachment":[{"href":"https:\/\/www.magnus-hoffmann-schule.de\/index.php?rest_route=%2Fwp%2Fv2%2Fmedia&parent=97"}],"curies":[{"name":"wp","href":"https:\/\/api.w.org\/{rel}","templated":true}]}}