{"id":92,"date":"2021-08-02T15:25:00","date_gmt":"2021-08-02T13:25:00","guid":{"rendered":"https:\/\/www.magnus-hoffmann-schule.de\/?page_id=92"},"modified":"2026-03-17T06:54:54","modified_gmt":"2026-03-17T05:54:54","slug":"kollegium","status":"publish","type":"page","link":"https:\/\/www.magnus-hoffmann-schule.de\/?page_id=92","title":{"rendered":"Kollegium"},"content":{"rendered":"\n<div class=\"wp-block-group\"><div class=\"wp-block-group__inner-container\">\n<p class=\"has-text-align-center\" style=\"font-size:22px\"><strong>Friederike Spiesecke<\/strong> (Schulleiterin)<\/p>\n\n\n\n<p class=\"has-text-align-center\"><strong>Caroline D\u00fcring<\/strong> (komm. stellv. Schulleiterin)<\/p>\n\n\n\n<p><\/p>\n\n\n\n<p class=\"has-text-align-center\">Kontakt: <a href=\"mailto:hoffmann@schule-brandenburg.de\">hoffmann@schule-brandenburg.de<\/a><\/p>\n\n\n\n<p class=\"has-text-align-center\">oder <a href=\"mailto:s101503@schulen.brandenburg.de\" data-type=\"mailto\" data-id=\"mailto:s101503@schulen.brandenburg.de\"> s101503@schulen.brandenburg.de<\/a><\/p>\n\n\n\n<p class=\"has-text-align-center has-medium-font-size\"><\/p>\n<\/div><\/div>\n\n\n\n<blockquote class=\"wp-block-quote has-text-align-center is-style-large\"><p>&#8222;Die St\u00e4rke eines Teams, ist jedes einzelne Mitglied. Die St\u00e4rke jedes einzelnen Mitglieds ist das Team.&#8220;<\/p><cite>(Philip Douglas Jackson)<\/cite><\/blockquote>\n\n\n\n<h2>Sekretariat<\/h2>\n\n\n\n<ul id=\"block-72311923-d7ed-4b82-8f65-d25fe66cbff5\"><li>M. Zboralski<ul><li>Schulsekret\u00e4rin<\/li><li>Kontakt: <a href=\"mailto:hoffmann@schule-brandenburg.de\">hoffmann.schule-brandenburg.de<\/a><\/li><\/ul><\/li><\/ul>\n\n\n\n<h2>Lehrer*innen<\/h2>\n\n\n\n<ul><li>A. Betge<ul><li>Klassenlehrerin 1a<\/li><li>Kontakt: <a href=\"mailto:andrea.betge@lk.brandenburg.de\">andrea.betge@lk.brandenburg.de<\/a><\/li><\/ul><\/li><\/ul>\n\n\n\n<ul><li>M. Hennig<ul><li>Klassenlehrerin 1b<\/li><li>Kontakt: <a href=\"mailto:melanie.hennig@lk.brandenburg.de\">melanie.hennig@lk.brandenburg.de<\/a><\/li><\/ul><\/li><\/ul>\n\n\n\n<ul><li>B. Bredlow<ul><li>Klassenlehrerin 2a<\/li><li>Kontakt: <a href=\"mailto:bianca.bredlow@lk.brandenburg.de\">bianca.bredlow@lk.brandenburg.de<\/a><\/li><\/ul><\/li><\/ul>\n\n\n\n<ul><li>A. Liesegang<ul><li>Klassenlehrerin 2b<\/li><li>Kontakt: <a href=\"mailto:anna.liesegang@lk.brandenburg.de\">anna.liesegang@lk.brandenburg.de<\/a><\/li><\/ul><\/li><\/ul>\n\n\n\n<ul><li>C. Zietz<ul><li>Klassenlehrerin 3a<\/li><li>Kontakt: <a href=\"mailto:cristina.zietz@lk.brandenburg.de\">cristina.zietz@lk.brandenburg.de<\/a><\/li><\/ul><\/li><\/ul>\n\n\n\n<ul><li>M. Berndt<ul><li>Klassenlehrerin 3b<\/li><li>Kontakt: <a href=\"mailto:marina.berndt@lk.brandenburg.de\">marina.berndt@lk.brandenburg.de<\/a><\/li><\/ul><\/li><\/ul>\n\n\n\n<ul><li>L.-M. Flint<ul><li>Klassenlehrerin 4a<\/li><li>Kontakt:<a href=\"mailto:lisa.flint@lk.brandenburg.de\"> lisa.flint@lk.brandenburg.de<\/a><\/li><\/ul><\/li><\/ul>\n\n\n\n<ul><li>K. Maybaum<ul><li>Klassenlehrerin 4b<\/li><li>Kontakt: <a href=\"mailto:katharina.maybaum@lk.brandenburg.de\">katharina.maybaum@lk.brandenburg.de<\/a><\/li><\/ul><\/li><\/ul>\n\n\n\n<ul><li>J. B\u00f6lke<ul><li>Klassenlehrerin 5a<\/li><li>Kontakt: <a href=\"mailto:jessica.boelke@lk.brandenburg.de\">jessica.boelke@lk.brandenburg.de<\/a><\/li><\/ul><\/li><\/ul>\n\n\n\n<ul><li>U. Winkelmann<ul><li>Klassenlehrerin 5b<\/li><li>Kontakt: <a href=\"mailto:ute.winkelmann@lk.brandenburg.de\">ute.winkelmann@lk.brandenburg.de<\/a><\/li><\/ul><\/li><\/ul>\n\n\n\n<ul><li>F. Spiesecke<ul><li>Klassenlehrerin 6a<\/li><li>Schulleiterin<\/li><li>Kontakt als Klassenlehrerin: <a href=\"Mailto:friederike.spiesecke@lk.brandenburg.de\">friederike.spiesecke@lk.brandenburg.de<\/a><\/li><\/ul><\/li><\/ul>\n\n\n\n<ul><li>J. Bongard<ul><li>Klassenlehrerin 6b<\/li><li>Kontakt:<a href=\"mailto:jana.bongard@lk.brandenburg.de\" data-type=\"mailto\" data-id=\"mailto:jana.bongard@lk.brandenburg.de\"> jana.bongard@lk.brandenburg.de<\/a><\/li><\/ul><\/li><\/ul>\n\n\n\n<ul><li>C. D\u00fcring<ul><li>Fachlehrerin<\/li><li>komm. stellv. Schulleiterin<\/li><li>Kontakt als Fachlehrlehrerin: <a href=\"mailto:caroline.duering@lk.brandenburg.de\">caroline.duering@lk.brandenburg.de<\/a><\/li><\/ul><\/li><\/ul>\n\n\n\n<ul><li>E. Nuber<ul><li>Sonderp\u00e4dagogin<\/li><li>Kontakt: <a href=\"mailto:emilia.nuber@lk.brandenburg.de\">emilia.nuber@lk.brandenburg.de<\/a><\/li><\/ul><\/li><\/ul>\n\n\n\n<ul id=\"block-72311923-d7ed-4b82-8f65-d25fe66cbff5\"><li>A. Bauch<ul><li>Sonderp\u00e4dagogin<\/li><li>Kontakt:<a href=\"mailto:anne.bauch@lk.brandenburg.de\"> anne.bauch@lk.brandenburg.de<\/a><\/li><\/ul><\/li><\/ul>\n\n\n\n<ul><li>M. Herm<ul><li>Fachlehrerin<\/li><li>Kontakt: <a href=\"mailto:monika.herm@lk.brandenburg.de\">monika.herm@lk.brandenburg.de<\/a><\/li><\/ul><\/li><\/ul>\n\n\n\n<ul><li>Anett Belling<ul><li>Fachlehrerin<\/li><li>Kontakt: <a href=\"mailto:anett.belling@lk.brandenburg.de\">anett.belling@lk.brandenburg.de<\/a><\/li><\/ul><\/li><\/ul>\n\n\n\n<ul><li>M.Sch\u00f6bel<ul><li>Fachlehrer<\/li><li>Kontakt: <a href=\"mailto:marcus.schoebel@lk.brandenburg.de\">marcus.schoebel@lk.brandenburg.de<\/a><\/li><\/ul><\/li><\/ul>\n\n\n\n<ul><li>H. Sawitzki<ul><li>Fachlehrer<\/li><li>Kontakt: <a href=\"mailto:hanjo.sawitzki@lk.brandenburg.de\">hanjo.sawitzki@lk.brandenburg.de<\/a><\/li><\/ul><\/li><\/ul>\n\n\n\n<ul><li>J.Zimara<ul><li>Fachlehrerin<\/li><li>Kontakt: <a href=\"mailto:jenny.zimara@lk.brandenburg.de\" data-type=\"mailto\" data-id=\"mailto:jenny.zimara@lk.brandenburg.de\">jenny.zimara@lk.brandenburg.de<\/a><\/li><\/ul><\/li><\/ul>\n\n\n\n<ul><li>Referendar:innen<ul><li>Frau Keltz<\/li><\/ul><\/li><\/ul>\n\n\n\n<ul><li>Student:innen<ul><li>Frau H\u00fcbner<\/li><\/ul><ul><li>Frau Gratzki<\/li><li>Frau Drews<\/li><\/ul><\/li><\/ul>\n\n\n\n<h2>weitere Mitarbeiter*innen<\/h2>\n\n\n\n<ul id=\"block-72311923-d7ed-4b82-8f65-d25fe66cbff5\"><li>M. Krupa<ul><li>Hausmeister<\/li><\/ul><\/li><\/ul>\n\n\n\n<ul id=\"block-72311923-d7ed-4b82-8f65-d25fe66cbff5\"><li>J. Schlothauer<ul><li>p\u00e4dagogische Unterrichtshilfe<\/li><\/ul><\/li><\/ul>\n\n\n\n<ul><li>Schulsozialarbeit<ul><li>Frau J. Fiedler<\/li><\/ul><\/li><\/ul>\n\n\n\n<p><\/p>\n","protected":false},"excerpt":{"rendered":"<p>&#8222;Die St\u00e4rke eines Teams, ist jedes einzelne Mitglied. Die St\u00e4rke jedes einzelnen Mitglieds ist das Team.&#8220; (Philip Douglas Jackson) Sekretariat M. Zboralski Schulsekret\u00e4rin Kontakt: hoffmann.schule-brandenburg.de Lehrer*innen A. Betge Klassenlehrerin 1a Kontakt: andrea.betge@lk.brandenburg.de M. Hennig Klassenlehrerin 1b Kontakt: melanie.hennig@lk.brandenburg.de B. Bredlow Klassenlehrerin 2a Kontakt: bianca.bredlow@lk.brandenburg.de A. Liesegang Klassenlehrerin 2b Kontakt: anna.liesegang@lk.brandenburg.de C. Zietz Klassenlehrerin 3a Kontakt: &hellip; <\/p>\n<p class=\"link-more\"><a href=\"https:\/\/www.magnus-hoffmann-schule.de\/?page_id=92\" class=\"more-link\"><span class=\"screen-reader-text\">\u201eKollegium\u201c<\/span> weiterlesen<\/a><\/p>\n","protected":false},"author":4,"featured_media":0,"parent":0,"menu_order":0,"comment_status":"closed","ping_status":"closed","template":"","meta":[],"_links":{"self":[{"href":"https:\/\/www.magnus-hoffmann-schule.de\/index.php?rest_route=\/wp\/v2\/pages\/92"}],"collection":[{"href":"https:\/\/www.magnus-hoffmann-schule.de\/index.php?rest_route=\/wp\/v2\/pages"}],"about":[{"href":"https:\/\/www.magnus-hoffmann-schule.de\/index.php?rest_route=\/wp\/v2\/types\/page"}],"author":[{"embeddable":true,"href":"https:\/\/www.magnus-hoffmann-schule.de\/index.php?rest_route=\/wp\/v2\/users\/4"}],"replies":[{"embeddable":true,"href":"https:\/\/www.magnus-hoffmann-schule.de\/index.php?rest_route=%2Fwp%2Fv2%2Fcomments&post=92"}],"version-history":[{"count":130,"href":"https:\/\/www.magnus-hoffmann-schule.de\/index.php?rest_route=\/wp\/v2\/pages\/92\/revisions"}],"predecessor-version":[{"id":1806,"href":"https:\/\/www.magnus-hoffmann-schule.de\/index.php?rest_route=\/wp\/v2\/pages\/92\/revisions\/1806"}],"wp:attachment":[{"href":"https:\/\/www.magnus-hoffmann-schule.de\/index.php?rest_route=%2Fwp%2Fv2%2Fmedia&parent=92"}],"curies":[{"name":"wp","href":"https:\/\/api.w.org\/{rel}","templated":true}]}}