{"id":612,"date":"2021-09-10T09:56:00","date_gmt":"2021-09-10T07:56:00","guid":{"rendered":"https:\/\/www.magnus-hoffmann-schule.de\/?page_id=612"},"modified":"2026-02-18T08:28:00","modified_gmt":"2026-02-18T07:28:00","slug":"elternkonferenz","status":"publish","type":"page","link":"https:\/\/www.magnus-hoffmann-schule.de\/?page_id=612","title":{"rendered":"Elternkonferenz"},"content":{"rendered":"\n<p>Kontakt: <a href=\"mailto:elternkonferenz.MHGS@t-online.de\">elternkonferenz.MHGS@t-online.de<\/a><\/p>\n\n\n\n<figure class=\"wp-block-table is-style-regular\"><table class=\"has-fixed-layout\"><tbody><tr><td><strong>Name<\/strong><\/td><td><strong>Funktion<\/strong><\/td><td><strong>Typ<\/strong><\/td><\/tr><tr><td>Herr Bongard<\/td><td>Vorsitzender<\/td><td>Eltern<\/td><\/tr><tr><td>Frau Sitza-Hase<\/td><td>Stellvertreterin<\/td><td>Eltern<\/td><\/tr><tr><td>Frau Budik<\/td><td>Mitglied<\/td><td>Eltern<\/td><\/tr><tr><td>Frau Lichner<\/td><td>Mitglied<\/td><td>Eltern<\/td><\/tr><tr><td>Frau Scharies<\/td><td>Mitglied<\/td><td>Eltern<\/td><\/tr><tr><td>Herr Timm<\/td><td>Mitglied<\/td><td>Eltern<\/td><\/tr><tr><td>Frau Kriesel<\/td><td>Mitglied<\/td><td>Eltern<\/td><\/tr><tr><td>Frau Sch\u00f6nwald<\/td><td>Mitglied<\/td><td>Eltern<\/td><\/tr><tr><td>Frau Gr\u00fcning<\/td><td>Mitglied<\/td><td>Eltern<\/td><\/tr><tr><td>Herr Sch\u00fctzeichel<\/td><td>Mitglied<\/td><td>Eltern<\/td><\/tr><tr><td>Herr Muschert<\/td><td>Mitglied<\/td><td>Eltern<\/td><\/tr><tr><td>Herr Osadnik<\/td><td>Mitglied<\/td><td>Eltern<\/td><\/tr><tr><td>Frau S\u00fc\u00dfenguth<\/td><td>Mitglied<\/td><td>Eltern<\/td><\/tr><tr><td>Frau B\u00fclt<\/td><td>Mitglied<\/td><td>Eltern<\/td><\/tr><tr><td>Frau Prei\u00dfler<\/td><td>Mitglied<\/td><td>Eltern<\/td><\/tr><tr><td>Frau Spielmann<\/td><td>Mitglied<\/td><td>Eltern<\/td><\/tr><tr><td>Frau Ohl<\/td><td>Mitglied<\/td><td>Eltern<\/td><\/tr><tr><td>Frau Fahl<\/td><td>Mitglied<\/td><td>Eltern<\/td><\/tr><tr><td>Frau Schubert<\/td><td>Mitglied<\/td><td>Eltern<\/td><\/tr><tr><td>Frau Kitzrow<\/td><td>Mitglied<\/td><td>Eltern<\/td><\/tr><tr><td>Herr Otto<\/td><td>Mitglied<\/td><td>Eltern<\/td><\/tr><tr><td>Max Materne<\/td><td>Mitglied<\/td><td>Sch\u00fcler<\/td><\/tr><tr><td>Maddox Otto<\/td><td>Mitglied<\/td><td>Sch\u00fcler<\/td><\/tr><tr><td>Frau Hennig<\/td><td>Mitglied<\/td><td>Lehrerin<\/td><\/tr><tr><td>Frau Bongard<\/td><td>Mitglied<\/td><td>Lehrerin<\/td><\/tr><\/tbody><\/table><\/figure>\n","protected":false},"excerpt":{"rendered":"<p>Kontakt: elternkonferenz.MHGS@t-online.de Name Funktion Typ Herr Bongard Vorsitzender Eltern Frau Sitza-Hase Stellvertreterin Eltern Frau Budik Mitglied Eltern Frau Lichner Mitglied Eltern Frau Scharies Mitglied Eltern Herr Timm Mitglied Eltern Frau Kriesel Mitglied Eltern Frau Sch\u00f6nwald Mitglied Eltern Frau Gr\u00fcning Mitglied Eltern Herr Sch\u00fctzeichel Mitglied Eltern Herr Muschert Mitglied Eltern Herr Osadnik Mitglied Eltern Frau S\u00fc\u00dfenguth &hellip; <\/p>\n<p class=\"link-more\"><a href=\"https:\/\/www.magnus-hoffmann-schule.de\/?page_id=612\" class=\"more-link\"><span class=\"screen-reader-text\">\u201eElternkonferenz\u201c<\/span> weiterlesen<\/a><\/p>\n","protected":false},"author":4,"featured_media":0,"parent":0,"menu_order":0,"comment_status":"closed","ping_status":"closed","template":"","meta":[],"_links":{"self":[{"href":"https:\/\/www.magnus-hoffmann-schule.de\/index.php?rest_route=\/wp\/v2\/pages\/612"}],"collection":[{"href":"https:\/\/www.magnus-hoffmann-schule.de\/index.php?rest_route=\/wp\/v2\/pages"}],"about":[{"href":"https:\/\/www.magnus-hoffmann-schule.de\/index.php?rest_route=\/wp\/v2\/types\/page"}],"author":[{"embeddable":true,"href":"https:\/\/www.magnus-hoffmann-schule.de\/index.php?rest_route=\/wp\/v2\/users\/4"}],"replies":[{"embeddable":true,"href":"https:\/\/www.magnus-hoffmann-schule.de\/index.php?rest_route=%2Fwp%2Fv2%2Fcomments&post=612"}],"version-history":[{"count":27,"href":"https:\/\/www.magnus-hoffmann-schule.de\/index.php?rest_route=\/wp\/v2\/pages\/612\/revisions"}],"predecessor-version":[{"id":1782,"href":"https:\/\/www.magnus-hoffmann-schule.de\/index.php?rest_route=\/wp\/v2\/pages\/612\/revisions\/1782"}],"wp:attachment":[{"href":"https:\/\/www.magnus-hoffmann-schule.de\/index.php?rest_route=%2Fwp%2Fv2%2Fmedia&parent=612"}],"curies":[{"name":"wp","href":"https:\/\/api.w.org\/{rel}","templated":true}]}}