{"id":582,"date":"2020-12-04T09:23:38","date_gmt":"2020-12-04T08:23:38","guid":{"rendered":"https:\/\/www.magnus-hoffmann-schule.de\/?page_id=582"},"modified":"2025-01-18T10:00:14","modified_gmt":"2025-01-18T09:00:14","slug":"punktetabelle","status":"publish","type":"page","link":"https:\/\/www.magnus-hoffmann-schule.de\/?page_id=582","title":{"rendered":"Leistungsbewertung &#038; Punktetabelle"},"content":{"rendered":"\n<p>Liebe Eltern und Erziehungsberechtigte,\u00a0<\/p>\n\n\n\n<p><br>wie Sie es sich sicher denken k\u00f6nnen, wird im Unterricht das eine oder andere Mal eine Leistungs\u00fcberpr\u00fcfung geschrieben. Ist diese Leistungs\u00fcberpr\u00fcfung von der Lehrkraft bepunktet, k\u00f6nnen Sie gerne die Punkte in Noten umwandeln. <\/p>\n\n\n\n<p>Die Bewertungstabelle ist in allen Bereichen g\u00fcltig, sofern die Fachkonferenzen keine anderen Beschl\u00fcsse gefasst haben. <\/p>\n\n\n\n<div class=\"wp-block-file\"><a href=\"https:\/\/www.magnus-hoffmann-schule.de\/wp-content\/uploads\/2020\/12\/Bewertungstabelle-halbe-Punkte.pdf\">Bewertungstabelle<\/a><a href=\"https:\/\/www.magnus-hoffmann-schule.de\/wp-content\/uploads\/2020\/12\/Bewertungstabelle-halbe-Punkte.pdf\" class=\"wp-block-file__button\" download>Herunterladen<\/a><\/div>\n\n\n\n<p>Im Fach Sport werden die Leistungen laut den Bewertungstabellen des Bildungsservers bewertet. Diese k\u00f6nnen im folgenden Link eingesehen werden. <\/p>\n\n\n\n<p><a href=\"https:\/\/bildungsserver.berlin-brandenburg.de\/sport\/handreichung-leistungsbewertung\">Leistungsbewertung Sport<\/a><\/p>\n\n\n\n<p><\/p>\n","protected":false},"excerpt":{"rendered":"<p>Liebe Eltern und Erziehungsberechtigte,\u00a0 wie Sie es sich sicher denken k\u00f6nnen, wird im Unterricht das eine oder andere Mal eine Leistungs\u00fcberpr\u00fcfung geschrieben. Ist diese Leistungs\u00fcberpr\u00fcfung von der Lehrkraft bepunktet, k\u00f6nnen Sie gerne die Punkte in Noten umwandeln. Die Bewertungstabelle ist in allen Bereichen g\u00fcltig, sofern die Fachkonferenzen keine anderen Beschl\u00fcsse gefasst haben. Im Fach Sport &hellip; <\/p>\n<p class=\"link-more\"><a href=\"https:\/\/www.magnus-hoffmann-schule.de\/?page_id=582\" class=\"more-link\"><span class=\"screen-reader-text\">\u201eLeistungsbewertung &#038; Punktetabelle\u201c<\/span> weiterlesen<\/a><\/p>\n","protected":false},"author":4,"featured_media":0,"parent":0,"menu_order":0,"comment_status":"closed","ping_status":"closed","template":"","meta":[],"_links":{"self":[{"href":"https:\/\/www.magnus-hoffmann-schule.de\/index.php?rest_route=\/wp\/v2\/pages\/582"}],"collection":[{"href":"https:\/\/www.magnus-hoffmann-schule.de\/index.php?rest_route=\/wp\/v2\/pages"}],"about":[{"href":"https:\/\/www.magnus-hoffmann-schule.de\/index.php?rest_route=\/wp\/v2\/types\/page"}],"author":[{"embeddable":true,"href":"https:\/\/www.magnus-hoffmann-schule.de\/index.php?rest_route=\/wp\/v2\/users\/4"}],"replies":[{"embeddable":true,"href":"https:\/\/www.magnus-hoffmann-schule.de\/index.php?rest_route=%2Fwp%2Fv2%2Fcomments&post=582"}],"version-history":[{"count":7,"href":"https:\/\/www.magnus-hoffmann-schule.de\/index.php?rest_route=\/wp\/v2\/pages\/582\/revisions"}],"predecessor-version":[{"id":1714,"href":"https:\/\/www.magnus-hoffmann-schule.de\/index.php?rest_route=\/wp\/v2\/pages\/582\/revisions\/1714"}],"wp:attachment":[{"href":"https:\/\/www.magnus-hoffmann-schule.de\/index.php?rest_route=%2Fwp%2Fv2%2Fmedia&parent=582"}],"curies":[{"name":"wp","href":"https:\/\/api.w.org\/{rel}","templated":true}]}}