{"id":446,"date":"2020-09-13T11:06:16","date_gmt":"2020-09-13T09:06:16","guid":{"rendered":"https:\/\/www.magnus-hoffmann-schule.de\/?page_id=446"},"modified":"2026-03-17T06:50:11","modified_gmt":"2026-03-17T05:50:11","slug":"lage-anfahrt","status":"publish","type":"page","link":"https:\/\/www.magnus-hoffmann-schule.de\/?page_id=446","title":{"rendered":"Kontakt &#038; Anfahrt"},"content":{"rendered":"\n<p class=\"has-text-align-left\">Schulleiterin: Frau F. Spiesecke<\/p>\n\n\n\n<p>komm. stellv. Schulleiterin: Frau C. D\u00fcring<\/p>\n\n\n\n<p class=\"has-text-align-left\">Anschrift:<br>Wusterauer Anger 22A<br>\u00a014774 Brandenburg an der Havel<br><br>E-Mail: <a href=\"mailto:hoffmann@schule-brandenburg.de\">hoffmann@schule-brandenburg.de<\/a><br>Tel.:\u00a0 (03381) 80 02 09<br>\u00a0\u00a0\u00a0\u00a0 <\/p>\n\n\n\n<p><\/p>\n\n\n\n<p><\/p>\n\n\n\n<p><\/p>\n\n\n\n<figure><iframe src=\"https:\/\/www.google.com\/maps\/embed?pb=!1m14!1m8!1m3!1d4870.744480804441!2d12.438491!3d52.381802!3m2!1i1024!2i768!4f13.1!3m3!1m2!1s0x0%3A0x3f4cbb55b13f108c!2sGrundschule%20Kirchm%C3%B6ser%20Ost!5e0!3m2!1sde!2sde!4v1599988104893!5m2!1sde!2sde\" width=\"600\" height=\"450\" allowfullscreen=\"\"><\/iframe><\/figure>\n\n\n\n<p><\/p>\n\n\n\n<p>Mit dem \u00d6ffentlichen Nahverkehr ist unsere Schule einfach zu erreichen. Auf der Internetseite der Verkehrsbetriebe Brandenburg unter Fahrplanauskunft k\u00f6nnen Sie ganz einfach unsere Zielhaltestelle &#8222;S\u00fcdringstra\u00dfe, Brandenburg&#8220; eingeben und die n\u00e4chstm\u00f6gliche Verbindung finden.<\/p>\n\n\n\n<p><a href=\"https:\/\/www.vbbr.de\">https:\/\/www.vbbr.de<\/a><\/p>\n","protected":false},"excerpt":{"rendered":"<p>Schulleiterin: Frau F. Spiesecke komm. stellv. Schulleiterin: Frau C. D\u00fcring Anschrift:Wusterauer Anger 22A\u00a014774 Brandenburg an der Havel E-Mail: hoffmann@schule-brandenburg.deTel.:\u00a0 (03381) 80 02 09\u00a0\u00a0\u00a0\u00a0 Mit dem \u00d6ffentlichen Nahverkehr ist unsere Schule einfach zu erreichen. Auf der Internetseite der Verkehrsbetriebe Brandenburg unter Fahrplanauskunft k\u00f6nnen Sie ganz einfach unsere Zielhaltestelle &#8222;S\u00fcdringstra\u00dfe, Brandenburg&#8220; eingeben und die n\u00e4chstm\u00f6gliche Verbindung finden. &hellip; <\/p>\n<p class=\"link-more\"><a href=\"https:\/\/www.magnus-hoffmann-schule.de\/?page_id=446\" class=\"more-link\"><span class=\"screen-reader-text\">\u201eKontakt &#038; Anfahrt\u201c<\/span> weiterlesen<\/a><\/p>\n","protected":false},"author":4,"featured_media":0,"parent":0,"menu_order":0,"comment_status":"closed","ping_status":"closed","template":"","meta":[],"_links":{"self":[{"href":"https:\/\/www.magnus-hoffmann-schule.de\/index.php?rest_route=\/wp\/v2\/pages\/446"}],"collection":[{"href":"https:\/\/www.magnus-hoffmann-schule.de\/index.php?rest_route=\/wp\/v2\/pages"}],"about":[{"href":"https:\/\/www.magnus-hoffmann-schule.de\/index.php?rest_route=\/wp\/v2\/types\/page"}],"author":[{"embeddable":true,"href":"https:\/\/www.magnus-hoffmann-schule.de\/index.php?rest_route=\/wp\/v2\/users\/4"}],"replies":[{"embeddable":true,"href":"https:\/\/www.magnus-hoffmann-schule.de\/index.php?rest_route=%2Fwp%2Fv2%2Fcomments&post=446"}],"version-history":[{"count":13,"href":"https:\/\/www.magnus-hoffmann-schule.de\/index.php?rest_route=\/wp\/v2\/pages\/446\/revisions"}],"predecessor-version":[{"id":1805,"href":"https:\/\/www.magnus-hoffmann-schule.de\/index.php?rest_route=\/wp\/v2\/pages\/446\/revisions\/1805"}],"wp:attachment":[{"href":"https:\/\/www.magnus-hoffmann-schule.de\/index.php?rest_route=%2Fwp%2Fv2%2Fmedia&parent=446"}],"curies":[{"name":"wp","href":"https:\/\/api.w.org\/{rel}","templated":true}]}}