{"id":2,"date":"2022-04-07T16:05:00","date_gmt":"2022-04-07T14:05:00","guid":{"rendered":"https:\/\/www.magnus-hoffmann-schule.de\/?page_id=2"},"modified":"2022-11-30T09:00:39","modified_gmt":"2022-11-30T08:00:39","slug":"beispiel-seite","status":"publish","type":"page","link":"https:\/\/www.magnus-hoffmann-schule.de\/","title":{"rendered":""},"content":{"rendered":"\n<div class=\"wp-block-image\"><figure class=\"aligncenter size-large\"><img loading=\"lazy\" width=\"1024\" height=\"666\" src=\"https:\/\/www.magnus-hoffmann-schule.de\/wp-content\/uploads\/2022\/04\/image-2-1024x666.png\" alt=\"\" class=\"wp-image-1069\" srcset=\"https:\/\/www.magnus-hoffmann-schule.de\/wp-content\/uploads\/2022\/04\/image-2-1024x666.png 1024w, https:\/\/www.magnus-hoffmann-schule.de\/wp-content\/uploads\/2022\/04\/image-2-300x195.png 300w, https:\/\/www.magnus-hoffmann-schule.de\/wp-content\/uploads\/2022\/04\/image-2-768x500.png 768w, https:\/\/www.magnus-hoffmann-schule.de\/wp-content\/uploads\/2022\/04\/image-2.png 1125w\" sizes=\"(max-width: 706px) 89vw, (max-width: 767px) 82vw, 740px\" \/><\/figure><\/div>\n\n\n\n<div class=\"wp-block-group\"><div class=\"wp-block-group__inner-container\">\n<div class=\"wp-block-group\"><div class=\"wp-block-group__inner-container\">\n<p class=\"has-text-align-center\"><em>Sch\u00f6n, dass du da bist!<\/em><\/p>\n\n\n\n<p class=\"has-text-align-center\"><em>Wir freuen uns, dass dich dein&nbsp;Weg auf die Seite unserer Grundschule gef\u00fchrt hat.&nbsp;Vielleicht kein Zufall?<\/em><\/p>\n\n\n\n<p class=\"has-text-align-center\">M\u00f6glicherweise&nbsp;bist du hier, weil du&nbsp;Informationen suchst \u00fcber uns und unsere Schule. Lass mich dir zun\u00e4chst einen kurzen \u00dcberblick geben, was unsere Grundschule ausmacht.<\/p>\n\n\n\n<p class=\"has-text-align-center\">Die Magnus\u2013Hoffmann\u2013Grundschule arbeitet nach dem Konzept zum \u201eGemeinsamen Lernen\u201c. Wir gehen davon aus, dass F\u00f6rderung sich auf alle Kinder beziehen sollte. Jedes Kind hat einen Anspruch auf eine begabungsgerechte individuelle F\u00f6rderung entsprechend seiner Lernausgangslage sowie seiner kognitiven und sozial-emotionalen Voraussetzungen. Jedem Kind sollen&nbsp;seinem Verm\u00f6gen entsprechend M\u00f6glichkeiten&nbsp;gegeben werden, erfolgreich zu lernen und die Ziele des Rahmenplanes zu erreichen.&nbsp;In Abh\u00e4ngigkeit von den personellen, materiellen und finanziellen Gegebenheiten&nbsp;wird die individuelle F\u00f6rderung&nbsp;j\u00e4hrlich \u00fcberpr\u00fcft.<\/p>\n\n\n\n<p class=\"has-text-align-center\">Unsere Schule ist entsprechend unseres Leitbildes auch eine leseorientierte Schule.<\/p>\n\n\n\n<p class=\"has-text-align-center\"><em>Lesen lernen \u2013 f\u00fcr das Leben!<\/em><\/p>\n<\/div><\/div>\n<\/div><\/div>\n","protected":false},"excerpt":{"rendered":"","protected":false},"author":4,"featured_media":0,"parent":0,"menu_order":0,"comment_status":"closed","ping_status":"open","template":"","meta":[],"_links":{"self":[{"href":"https:\/\/www.magnus-hoffmann-schule.de\/index.php?rest_route=\/wp\/v2\/pages\/2"}],"collection":[{"href":"https:\/\/www.magnus-hoffmann-schule.de\/index.php?rest_route=\/wp\/v2\/pages"}],"about":[{"href":"https:\/\/www.magnus-hoffmann-schule.de\/index.php?rest_route=\/wp\/v2\/types\/page"}],"author":[{"embeddable":true,"href":"https:\/\/www.magnus-hoffmann-schule.de\/index.php?rest_route=\/wp\/v2\/users\/4"}],"replies":[{"embeddable":true,"href":"https:\/\/www.magnus-hoffmann-schule.de\/index.php?rest_route=%2Fwp%2Fv2%2Fcomments&post=2"}],"version-history":[{"count":32,"href":"https:\/\/www.magnus-hoffmann-schule.de\/index.php?rest_route=\/wp\/v2\/pages\/2\/revisions"}],"predecessor-version":[{"id":1200,"href":"https:\/\/www.magnus-hoffmann-schule.de\/index.php?rest_route=\/wp\/v2\/pages\/2\/revisions\/1200"}],"wp:attachment":[{"href":"https:\/\/www.magnus-hoffmann-schule.de\/index.php?rest_route=%2Fwp%2Fv2%2Fmedia&parent=2"}],"curies":[{"name":"wp","href":"https:\/\/api.w.org\/{rel}","templated":true}]}}