{"id":1359,"date":"2023-07-03T14:34:11","date_gmt":"2023-07-03T12:34:11","guid":{"rendered":"https:\/\/www.magnus-hoffmann-schule.de\/?page_id=1359"},"modified":"2026-01-09T09:21:03","modified_gmt":"2026-01-09T08:21:03","slug":"schulgarten","status":"publish","type":"page","link":"https:\/\/www.magnus-hoffmann-schule.de\/?page_id=1359","title":{"rendered":"Schulgarten"},"content":{"rendered":"\n<p><strong>Winterzauber in der Schulgarten-AG: Hilfe f\u00fcr unsere gefiederten Freunde<\/strong><\/p>\n\n\n\n<p>Auch wenn es im Schulgarten aktuell eher ruhig zugeht und die Pflanzen Winterschlaf halten, herrscht in unserer <strong>Schulgarten-AG<\/strong> reges Treiben! In den letzten Wochen haben wir uns intensiv damit besch\u00e4ftigt, wie wir die Tiere in unserer Umgebung gut durch die kalte Jahreszeit bringen k\u00f6nnen.<\/p>\n\n\n\n<p><strong><em>DIY-Vogelfutterh\u00e4user: Nachhaltig und lecker<\/em><\/strong><\/p>\n\n\n\n<p>Damit die V\u00f6gel an unserer Schule auch bei Frost und Schnee genug Energie finden, haben wir uns etwas ganz Besonderes einfallen lassen: <strong>Vogelfutterh\u00e4uschen aus Orangenschalen<\/strong>.<\/p>\n\n\n\n<p>Anstatt Plastikspender zu kaufen, haben wir ausgeh\u00f6hlte Orangenh\u00e4lften verwendet. Diese haben wir mit einer Mischung aus hochwertigen Samenk\u00f6rnern und Fett gef\u00fcllt. Das sieht nicht nur toll aus und duftet gut, sondern ist auch komplett biologisch abbaubar. Die fertigen H\u00e4uschen haben wir nun in den B\u00e4umen rund um den Schulgarten aufgeh\u00e4ngt und k\u00f6nnen schon die ersten Meisen und Spatzen beim Schlemmen beobachten.<\/p>\n\n\n\n<p><strong><em>Kreativit\u00e4t aus der Schatzkiste der Natur<\/em><\/strong><\/p>\n\n\n\n<p>Aber nicht nur f\u00fcr die Tiere waren wir aktiv. Bei unseren Spazierg\u00e4ngen durch den winterlichen Garten haben wir flei\u00dfig <strong>Naturmaterialien<\/strong> gesammelt: getrocknete Bl\u00e4tter, interessante Zweige, Eicheln und kleine Steine.<\/p>\n\n\n\n<p>Zur\u00fcck im Warmen wurden diese Fundst\u00fccke zu Kunstwerken! Wir haben:<\/p>\n\n\n\n<p>&#8211; <strong>Kreative Naturbilder<\/strong> gelegt und aufgeklebt.<\/p>\n\n\n\n<p>-Die Vielfalt der Formen genutzt, um den Garten einmal ganz anders darzustellen.<\/p>\n\n\n\n<p>Es ist erstaunlich, wie viel Bastelmaterial die Natur uns bietet, selbst wenn es drau\u00dfen grau und kalt ist. Wir freuen uns schon darauf, wenn die ersten Fr\u00fchbl\u00fcher aus der Erde kommen \u2013 bis dahin k\u00fcmmern wir uns weiter um unsere V\u00f6gel und bleiben kreativ!<\/p>\n\n\n\n<p><strong>Eure Schulgarten AG<\/strong><\/p>\n\n\n\n<figure class=\"wp-block-gallery columns-3 is-cropped\"><ul class=\"blocks-gallery-grid\"><li class=\"blocks-gallery-item\"><figure><img loading=\"lazy\" width=\"577\" height=\"1024\" src=\"https:\/\/www.magnus-hoffmann-schule.de\/wp-content\/uploads\/2026\/01\/4b3e57d4-200e-4772-84e4-ab07dde188cb-577x1024.jpeg\" alt=\"\" data-id=\"1718\" data-full-url=\"https:\/\/www.magnus-hoffmann-schule.de\/wp-content\/uploads\/2026\/01\/4b3e57d4-200e-4772-84e4-ab07dde188cb.jpeg\" data-link=\"https:\/\/www.magnus-hoffmann-schule.de\/?attachment_id=1718\" class=\"wp-image-1718\" srcset=\"https:\/\/www.magnus-hoffmann-schule.de\/wp-content\/uploads\/2026\/01\/4b3e57d4-200e-4772-84e4-ab07dde188cb-577x1024.jpeg 577w, https:\/\/www.magnus-hoffmann-schule.de\/wp-content\/uploads\/2026\/01\/4b3e57d4-200e-4772-84e4-ab07dde188cb-169x300.jpeg 169w, https:\/\/www.magnus-hoffmann-schule.de\/wp-content\/uploads\/2026\/01\/4b3e57d4-200e-4772-84e4-ab07dde188cb-768x1364.jpeg 768w, https:\/\/www.magnus-hoffmann-schule.de\/wp-content\/uploads\/2026\/01\/4b3e57d4-200e-4772-84e4-ab07dde188cb-865x1536.jpeg 865w, https:\/\/www.magnus-hoffmann-schule.de\/wp-content\/uploads\/2026\/01\/4b3e57d4-200e-4772-84e4-ab07dde188cb.jpeg 1126w\" sizes=\"(max-width: 577px) 100vw, 577px\" \/><\/figure><\/li><li class=\"blocks-gallery-item\"><figure><img loading=\"lazy\" width=\"577\" height=\"1024\" src=\"https:\/\/www.magnus-hoffmann-schule.de\/wp-content\/uploads\/2026\/01\/6af5d96c-83db-4caa-a635-55f3201952b3-577x1024.jpeg\" alt=\"\" data-id=\"1719\" data-full-url=\"https:\/\/www.magnus-hoffmann-schule.de\/wp-content\/uploads\/2026\/01\/6af5d96c-83db-4caa-a635-55f3201952b3.jpeg\" data-link=\"https:\/\/www.magnus-hoffmann-schule.de\/?attachment_id=1719\" class=\"wp-image-1719\" srcset=\"https:\/\/www.magnus-hoffmann-schule.de\/wp-content\/uploads\/2026\/01\/6af5d96c-83db-4caa-a635-55f3201952b3-577x1024.jpeg 577w, https:\/\/www.magnus-hoffmann-schule.de\/wp-content\/uploads\/2026\/01\/6af5d96c-83db-4caa-a635-55f3201952b3-169x300.jpeg 169w, https:\/\/www.magnus-hoffmann-schule.de\/wp-content\/uploads\/2026\/01\/6af5d96c-83db-4caa-a635-55f3201952b3-768x1364.jpeg 768w, https:\/\/www.magnus-hoffmann-schule.de\/wp-content\/uploads\/2026\/01\/6af5d96c-83db-4caa-a635-55f3201952b3-865x1536.jpeg 865w, https:\/\/www.magnus-hoffmann-schule.de\/wp-content\/uploads\/2026\/01\/6af5d96c-83db-4caa-a635-55f3201952b3.jpeg 1126w\" sizes=\"(max-width: 577px) 100vw, 577px\" \/><\/figure><\/li><li class=\"blocks-gallery-item\"><figure><img loading=\"lazy\" width=\"577\" height=\"1024\" src=\"https:\/\/www.magnus-hoffmann-schule.de\/wp-content\/uploads\/2026\/01\/9817ed12-4627-4638-92e1-d3d14fd85049-577x1024.jpeg\" alt=\"\" data-id=\"1720\" data-full-url=\"https:\/\/www.magnus-hoffmann-schule.de\/wp-content\/uploads\/2026\/01\/9817ed12-4627-4638-92e1-d3d14fd85049.jpeg\" data-link=\"https:\/\/www.magnus-hoffmann-schule.de\/?attachment_id=1720\" class=\"wp-image-1720\" srcset=\"https:\/\/www.magnus-hoffmann-schule.de\/wp-content\/uploads\/2026\/01\/9817ed12-4627-4638-92e1-d3d14fd85049-577x1024.jpeg 577w, https:\/\/www.magnus-hoffmann-schule.de\/wp-content\/uploads\/2026\/01\/9817ed12-4627-4638-92e1-d3d14fd85049-169x300.jpeg 169w, https:\/\/www.magnus-hoffmann-schule.de\/wp-content\/uploads\/2026\/01\/9817ed12-4627-4638-92e1-d3d14fd85049-768x1364.jpeg 768w, https:\/\/www.magnus-hoffmann-schule.de\/wp-content\/uploads\/2026\/01\/9817ed12-4627-4638-92e1-d3d14fd85049-865x1536.jpeg 865w, https:\/\/www.magnus-hoffmann-schule.de\/wp-content\/uploads\/2026\/01\/9817ed12-4627-4638-92e1-d3d14fd85049.jpeg 1126w\" sizes=\"(max-width: 577px) 100vw, 577px\" \/><\/figure><\/li><li class=\"blocks-gallery-item\"><figure><img loading=\"lazy\" width=\"577\" height=\"1024\" src=\"https:\/\/www.magnus-hoffmann-schule.de\/wp-content\/uploads\/2026\/01\/63071a9a-93f0-4f67-89d3-52e95b96f920-577x1024.jpeg\" alt=\"\" data-id=\"1721\" data-full-url=\"https:\/\/www.magnus-hoffmann-schule.de\/wp-content\/uploads\/2026\/01\/63071a9a-93f0-4f67-89d3-52e95b96f920.jpeg\" data-link=\"https:\/\/www.magnus-hoffmann-schule.de\/?attachment_id=1721\" class=\"wp-image-1721\" srcset=\"https:\/\/www.magnus-hoffmann-schule.de\/wp-content\/uploads\/2026\/01\/63071a9a-93f0-4f67-89d3-52e95b96f920-577x1024.jpeg 577w, https:\/\/www.magnus-hoffmann-schule.de\/wp-content\/uploads\/2026\/01\/63071a9a-93f0-4f67-89d3-52e95b96f920-169x300.jpeg 169w, https:\/\/www.magnus-hoffmann-schule.de\/wp-content\/uploads\/2026\/01\/63071a9a-93f0-4f67-89d3-52e95b96f920-768x1364.jpeg 768w, https:\/\/www.magnus-hoffmann-schule.de\/wp-content\/uploads\/2026\/01\/63071a9a-93f0-4f67-89d3-52e95b96f920-865x1536.jpeg 865w, https:\/\/www.magnus-hoffmann-schule.de\/wp-content\/uploads\/2026\/01\/63071a9a-93f0-4f67-89d3-52e95b96f920.jpeg 1126w\" sizes=\"(max-width: 577px) 100vw, 577px\" \/><\/figure><\/li><li class=\"blocks-gallery-item\"><figure><img loading=\"lazy\" width=\"577\" height=\"1024\" src=\"https:\/\/www.magnus-hoffmann-schule.de\/wp-content\/uploads\/2026\/01\/WhatsApp-Image-2026-01-09-at-08.20.16-577x1024.jpeg\" alt=\"\" data-id=\"1722\" data-full-url=\"https:\/\/www.magnus-hoffmann-schule.de\/wp-content\/uploads\/2026\/01\/WhatsApp-Image-2026-01-09-at-08.20.16.jpeg\" data-link=\"https:\/\/www.magnus-hoffmann-schule.de\/?attachment_id=1722\" class=\"wp-image-1722\" srcset=\"https:\/\/www.magnus-hoffmann-schule.de\/wp-content\/uploads\/2026\/01\/WhatsApp-Image-2026-01-09-at-08.20.16-577x1024.jpeg 577w, https:\/\/www.magnus-hoffmann-schule.de\/wp-content\/uploads\/2026\/01\/WhatsApp-Image-2026-01-09-at-08.20.16-169x300.jpeg 169w, https:\/\/www.magnus-hoffmann-schule.de\/wp-content\/uploads\/2026\/01\/WhatsApp-Image-2026-01-09-at-08.20.16-768x1364.jpeg 768w, https:\/\/www.magnus-hoffmann-schule.de\/wp-content\/uploads\/2026\/01\/WhatsApp-Image-2026-01-09-at-08.20.16-865x1536.jpeg 865w, https:\/\/www.magnus-hoffmann-schule.de\/wp-content\/uploads\/2026\/01\/WhatsApp-Image-2026-01-09-at-08.20.16.jpeg 1126w\" sizes=\"(max-width: 577px) 100vw, 577px\" \/><\/figure><\/li><li class=\"blocks-gallery-item\"><figure><img loading=\"lazy\" width=\"577\" height=\"1024\" src=\"https:\/\/www.magnus-hoffmann-schule.de\/wp-content\/uploads\/2026\/01\/WhatsApp-Image-2026-01-09-at-08.20.17-577x1024.jpeg\" alt=\"\" data-id=\"1723\" data-full-url=\"https:\/\/www.magnus-hoffmann-schule.de\/wp-content\/uploads\/2026\/01\/WhatsApp-Image-2026-01-09-at-08.20.17.jpeg\" data-link=\"https:\/\/www.magnus-hoffmann-schule.de\/?attachment_id=1723\" class=\"wp-image-1723\" srcset=\"https:\/\/www.magnus-hoffmann-schule.de\/wp-content\/uploads\/2026\/01\/WhatsApp-Image-2026-01-09-at-08.20.17-577x1024.jpeg 577w, https:\/\/www.magnus-hoffmann-schule.de\/wp-content\/uploads\/2026\/01\/WhatsApp-Image-2026-01-09-at-08.20.17-169x300.jpeg 169w, https:\/\/www.magnus-hoffmann-schule.de\/wp-content\/uploads\/2026\/01\/WhatsApp-Image-2026-01-09-at-08.20.17-768x1364.jpeg 768w, https:\/\/www.magnus-hoffmann-schule.de\/wp-content\/uploads\/2026\/01\/WhatsApp-Image-2026-01-09-at-08.20.17-865x1536.jpeg 865w, https:\/\/www.magnus-hoffmann-schule.de\/wp-content\/uploads\/2026\/01\/WhatsApp-Image-2026-01-09-at-08.20.17.jpeg 1126w\" sizes=\"(max-width: 577px) 100vw, 577px\" \/><\/figure><\/li><\/ul><\/figure>\n\n\n\n<p><strong>ACHTUNG<\/strong>, hier entsteht etwas TOLLES. \ud83d\ude42<\/p>\n\n\n\n<div class=\"wp-block-image\"><figure class=\"alignleft size-large is-resized\"><img loading=\"lazy\" src=\"https:\/\/www.magnus-hoffmann-schule.de\/wp-content\/uploads\/2023\/07\/img20230628_17045530-744x1024.jpg\" alt=\"\" class=\"wp-image-1363\" width=\"383\" height=\"526\" srcset=\"https:\/\/www.magnus-hoffmann-schule.de\/wp-content\/uploads\/2023\/07\/img20230628_17045530-744x1024.jpg 744w, https:\/\/www.magnus-hoffmann-schule.de\/wp-content\/uploads\/2023\/07\/img20230628_17045530-218x300.jpg 218w, https:\/\/www.magnus-hoffmann-schule.de\/wp-content\/uploads\/2023\/07\/img20230628_17045530-768x1057.jpg 768w, https:\/\/www.magnus-hoffmann-schule.de\/wp-content\/uploads\/2023\/07\/img20230628_17045530-1116x1536.jpg 1116w, https:\/\/www.magnus-hoffmann-schule.de\/wp-content\/uploads\/2023\/07\/img20230628_17045530-1488x2048.jpg 1488w, https:\/\/www.magnus-hoffmann-schule.de\/wp-content\/uploads\/2023\/07\/img20230628_17045530-scaled.jpg 1860w\" sizes=\"(max-width: 383px) 100vw, 383px\" \/><\/figure><\/div>\n\n\n\n<div class=\"wp-block-image\"><figure class=\"alignright size-large is-resized\"><img loading=\"lazy\" src=\"https:\/\/www.magnus-hoffmann-schule.de\/wp-content\/uploads\/2023\/07\/img20230702_11024924-2-736x1024.jpg\" alt=\"\" class=\"wp-image-1364\" width=\"251\" height=\"348\" srcset=\"https:\/\/www.magnus-hoffmann-schule.de\/wp-content\/uploads\/2023\/07\/img20230702_11024924-2-736x1024.jpg 736w, https:\/\/www.magnus-hoffmann-schule.de\/wp-content\/uploads\/2023\/07\/img20230702_11024924-2-216x300.jpg 216w, https:\/\/www.magnus-hoffmann-schule.de\/wp-content\/uploads\/2023\/07\/img20230702_11024924-2-768x1069.jpg 768w, https:\/\/www.magnus-hoffmann-schule.de\/wp-content\/uploads\/2023\/07\/img20230702_11024924-2-1104x1536.jpg 1104w, https:\/\/www.magnus-hoffmann-schule.de\/wp-content\/uploads\/2023\/07\/img20230702_11024924-2-1472x2048.jpg 1472w, https:\/\/www.magnus-hoffmann-schule.de\/wp-content\/uploads\/2023\/07\/img20230702_11024924-2.jpg 1546w\" sizes=\"(max-width: 251px) 100vw, 251px\" \/><\/figure><\/div>\n\n\n\n<div class=\"wp-block-image\"><figure class=\"alignright size-large is-resized\"><img loading=\"lazy\" src=\"https:\/\/www.magnus-hoffmann-schule.de\/wp-content\/uploads\/2023\/07\/IMG_1871.jpg\" alt=\"\" class=\"wp-image-1366\" width=\"324\" height=\"248\" srcset=\"https:\/\/www.magnus-hoffmann-schule.de\/wp-content\/uploads\/2023\/07\/IMG_1871.jpg 640w, https:\/\/www.magnus-hoffmann-schule.de\/wp-content\/uploads\/2023\/07\/IMG_1871-300x229.jpg 300w\" sizes=\"(max-width: 324px) 100vw, 324px\" \/><\/figure><\/div>\n\n\n\n<div class=\"wp-block-image\"><figure class=\"alignleft size-large is-resized\"><img loading=\"lazy\" src=\"https:\/\/www.magnus-hoffmann-schule.de\/wp-content\/uploads\/2023\/07\/IMG_1916.jpg\" alt=\"\" class=\"wp-image-1367\" width=\"302\" height=\"270\" srcset=\"https:\/\/www.magnus-hoffmann-schule.de\/wp-content\/uploads\/2023\/07\/IMG_1916.jpg 640w, https:\/\/www.magnus-hoffmann-schule.de\/wp-content\/uploads\/2023\/07\/IMG_1916-300x269.jpg 300w\" sizes=\"(max-width: 302px) 100vw, 302px\" \/><\/figure><\/div>\n\n\n\n<div class=\"wp-block-image\"><figure class=\"alignleft size-large is-resized\"><img loading=\"lazy\" src=\"https:\/\/www.magnus-hoffmann-schule.de\/wp-content\/uploads\/2023\/07\/IMG_1867.jpg\" alt=\"\" class=\"wp-image-1368\" width=\"672\" height=\"504\" srcset=\"https:\/\/www.magnus-hoffmann-schule.de\/wp-content\/uploads\/2023\/07\/IMG_1867.jpg 640w, https:\/\/www.magnus-hoffmann-schule.de\/wp-content\/uploads\/2023\/07\/IMG_1867-300x225.jpg 300w\" sizes=\"(max-width: 672px) 100vw, 672px\" \/><\/figure><\/div>\n","protected":false},"excerpt":{"rendered":"<p>Winterzauber in der Schulgarten-AG: Hilfe f\u00fcr unsere gefiederten Freunde Auch wenn es im Schulgarten aktuell eher ruhig zugeht und die Pflanzen Winterschlaf halten, herrscht in unserer Schulgarten-AG reges Treiben! In den letzten Wochen haben wir uns intensiv damit besch\u00e4ftigt, wie wir die Tiere in unserer Umgebung gut durch die kalte Jahreszeit bringen k\u00f6nnen. DIY-Vogelfutterh\u00e4user: Nachhaltig &hellip; <\/p>\n<p class=\"link-more\"><a href=\"https:\/\/www.magnus-hoffmann-schule.de\/?page_id=1359\" class=\"more-link\"><span class=\"screen-reader-text\">\u201eSchulgarten\u201c<\/span> weiterlesen<\/a><\/p>\n","protected":false},"author":4,"featured_media":0,"parent":0,"menu_order":0,"comment_status":"closed","ping_status":"closed","template":"","meta":[],"_links":{"self":[{"href":"https:\/\/www.magnus-hoffmann-schule.de\/index.php?rest_route=\/wp\/v2\/pages\/1359"}],"collection":[{"href":"https:\/\/www.magnus-hoffmann-schule.de\/index.php?rest_route=\/wp\/v2\/pages"}],"about":[{"href":"https:\/\/www.magnus-hoffmann-schule.de\/index.php?rest_route=\/wp\/v2\/types\/page"}],"author":[{"embeddable":true,"href":"https:\/\/www.magnus-hoffmann-schule.de\/index.php?rest_route=\/wp\/v2\/users\/4"}],"replies":[{"embeddable":true,"href":"https:\/\/www.magnus-hoffmann-schule.de\/index.php?rest_route=%2Fwp%2Fv2%2Fcomments&post=1359"}],"version-history":[{"count":5,"href":"https:\/\/www.magnus-hoffmann-schule.de\/index.php?rest_route=\/wp\/v2\/pages\/1359\/revisions"}],"predecessor-version":[{"id":1725,"href":"https:\/\/www.magnus-hoffmann-schule.de\/index.php?rest_route=\/wp\/v2\/pages\/1359\/revisions\/1725"}],"wp:attachment":[{"href":"https:\/\/www.magnus-hoffmann-schule.de\/index.php?rest_route=%2Fwp%2Fv2%2Fmedia&parent=1359"}],"curies":[{"name":"wp","href":"https:\/\/api.w.org\/{rel}","templated":true}]}}