{"id":120,"date":"2020-07-04T19:12:32","date_gmt":"2020-07-04T17:12:32","guid":{"rendered":"https:\/\/www.magnus-hoffmann-schule.de\/?page_id=120"},"modified":"2025-06-26T09:50:29","modified_gmt":"2025-06-26T07:50:29","slug":"sportveranstaltungen","status":"publish","type":"page","link":"https:\/\/www.magnus-hoffmann-schule.de\/?page_id=120","title":{"rendered":"Sportveranstaltungen"},"content":{"rendered":"\n<p><strong>Kim\u00f6 vs. Wuwi \u2013 Sportlicher Wettkampf bei sommerlicher Hitze<\/strong><\/p>\n\n\n\n<p>Am 18. Juni 2025 fand f\u00fcr die 6. Klassen der Magnus-Hoffmann-Grundschule in Kirchm\u00f6ser ein ganz besonderer Sporttag statt: Gemeinsam fuhren alle Sch\u00fclerinnen und Sch\u00fcler mit dem Fahrrad nach Wusterwitz, um sich dort mit den 6. Klassen der Wilhelm-G\u00f6tze-Grundschule sportlich zu messen. Bei sommerlich, hei\u00dfen Temperaturen standen Fu\u00dfball f\u00fcr die Jungen und Zweifelderball f\u00fcr die M\u00e4dchen auf dem Programm. Trotz der Hitze, die einigen Spielerinnen und Spielern ordentlich zu schaffen machte, wurde mit gro\u00dfem Einsatz, Teamgeist und viel Begeisterung gespielt.<\/p>\n\n\n\n<p>In einem spannenden Fu\u00dfballspiel setzten sich die Jungen aus Kirchm\u00f6ser knapp mit 4:3 gegen ihre Kontrahenten aus Wusterwitz durch. Die M\u00e4dchen aus Wusterwitz revanchierten sich mit einem starken Auftritt im Zweifelderball und sicherten sich den Sieg gegen Kirchm\u00f6ser. So ging am Ende jede Schule mit einem verdienten Erfolg nach Hause \u2013 und mit einem Wanderpokal im Gep\u00e4ck!<\/p>\n\n\n\n<p>Die beiden Pokale wurden freundlicherweise von <strong>\u201eKlaMotta \u2013 zieht dich an\u201c<\/strong> sowie dem<strong> \u201eFriseursalon Alsdorf\u201c<\/strong>aus Kirchm\u00f6ser gespendet \u2013 ein herzliches Dankesch\u00f6n daf\u00fcr! Es war ein gelungener Tag voller Bewegung, Begegnung und Fairplay. Wir sind gespannt, welche Schule die Pokale im n\u00e4chsten Jahr mit nach Hause nehmen darf!<\/p>\n\n\n\n<figure class=\"wp-block-gallery columns-3 is-cropped\"><ul class=\"blocks-gallery-grid\"><li class=\"blocks-gallery-item\"><figure><img loading=\"lazy\" width=\"768\" height=\"1024\" src=\"https:\/\/www.magnus-hoffmann-schule.de\/wp-content\/uploads\/2025\/06\/Foto1_Sporttag_Wuwi-768x1024.jpeg\" alt=\"\" data-id=\"1671\" data-full-url=\"https:\/\/www.magnus-hoffmann-schule.de\/wp-content\/uploads\/2025\/06\/Foto1_Sporttag_Wuwi.jpeg\" data-link=\"https:\/\/www.magnus-hoffmann-schule.de\/?attachment_id=1671\" class=\"wp-image-1671\" srcset=\"https:\/\/www.magnus-hoffmann-schule.de\/wp-content\/uploads\/2025\/06\/Foto1_Sporttag_Wuwi-768x1024.jpeg 768w, https:\/\/www.magnus-hoffmann-schule.de\/wp-content\/uploads\/2025\/06\/Foto1_Sporttag_Wuwi-225x300.jpeg 225w, https:\/\/www.magnus-hoffmann-schule.de\/wp-content\/uploads\/2025\/06\/Foto1_Sporttag_Wuwi-1152x1536.jpeg 1152w, https:\/\/www.magnus-hoffmann-schule.de\/wp-content\/uploads\/2025\/06\/Foto1_Sporttag_Wuwi.jpeg 1536w\" sizes=\"(max-width: 706px) 89vw, (max-width: 767px) 82vw, 740px\" \/><\/figure><\/li><li class=\"blocks-gallery-item\"><figure><img loading=\"lazy\" width=\"768\" height=\"1024\" src=\"https:\/\/www.magnus-hoffmann-schule.de\/wp-content\/uploads\/2025\/06\/Foto2_Sporttag_Wuwi-768x1024.jpeg\" alt=\"\" data-id=\"1672\" data-full-url=\"https:\/\/www.magnus-hoffmann-schule.de\/wp-content\/uploads\/2025\/06\/Foto2_Sporttag_Wuwi.jpeg\" data-link=\"https:\/\/www.magnus-hoffmann-schule.de\/?attachment_id=1672\" class=\"wp-image-1672\" srcset=\"https:\/\/www.magnus-hoffmann-schule.de\/wp-content\/uploads\/2025\/06\/Foto2_Sporttag_Wuwi-768x1024.jpeg 768w, https:\/\/www.magnus-hoffmann-schule.de\/wp-content\/uploads\/2025\/06\/Foto2_Sporttag_Wuwi-225x300.jpeg 225w, https:\/\/www.magnus-hoffmann-schule.de\/wp-content\/uploads\/2025\/06\/Foto2_Sporttag_Wuwi-1152x1536.jpeg 1152w, https:\/\/www.magnus-hoffmann-schule.de\/wp-content\/uploads\/2025\/06\/Foto2_Sporttag_Wuwi.jpeg 1536w\" sizes=\"(max-width: 706px) 89vw, (max-width: 767px) 82vw, 740px\" \/><\/figure><\/li><li class=\"blocks-gallery-item\"><figure><img loading=\"lazy\" width=\"768\" height=\"1024\" src=\"https:\/\/www.magnus-hoffmann-schule.de\/wp-content\/uploads\/2025\/06\/Foto3_Sporttag_Wuwi-768x1024.jpeg\" alt=\"\" data-id=\"1673\" data-full-url=\"https:\/\/www.magnus-hoffmann-schule.de\/wp-content\/uploads\/2025\/06\/Foto3_Sporttag_Wuwi.jpeg\" data-link=\"https:\/\/www.magnus-hoffmann-schule.de\/?attachment_id=1673\" class=\"wp-image-1673\" srcset=\"https:\/\/www.magnus-hoffmann-schule.de\/wp-content\/uploads\/2025\/06\/Foto3_Sporttag_Wuwi-768x1024.jpeg 768w, https:\/\/www.magnus-hoffmann-schule.de\/wp-content\/uploads\/2025\/06\/Foto3_Sporttag_Wuwi-225x300.jpeg 225w, https:\/\/www.magnus-hoffmann-schule.de\/wp-content\/uploads\/2025\/06\/Foto3_Sporttag_Wuwi-1152x1536.jpeg 1152w, https:\/\/www.magnus-hoffmann-schule.de\/wp-content\/uploads\/2025\/06\/Foto3_Sporttag_Wuwi.jpeg 1536w\" sizes=\"(max-width: 706px) 89vw, (max-width: 767px) 82vw, 740px\" \/><\/figure><\/li><\/ul><\/figure>\n\n\n\n<p><strong>Wettbewerb &#8222;st\u00e4rkste*r Sch\u00fcler*in&#8220; unserer Schule<\/strong><\/p>\n\n\n\n<p>Voller Elan und Motivation nahmen viele unserer Sch\u00fcler*innen aus allen Klassenstufen am diesj\u00e4hrigen Wettbewerb des\/der st\u00e4rksten Sch\u00fcler*in am 16.03.2023 teil. Die flei\u00dfig aufgebauten Disziplinen und Stationen wurden mit Begeisterung bestaunt und voller Kraft absolviert. Es war ein tolles, gelungenes Sportevent mit vielen ausgepowerten Sch\u00fcler*innen.<\/p>\n\n\n\n<figure class=\"wp-block-gallery columns-2 is-cropped\"><ul class=\"blocks-gallery-grid\"><li class=\"blocks-gallery-item\"><figure><img loading=\"lazy\" width=\"682\" height=\"1024\" src=\"https:\/\/www.magnus-hoffmann-schule.de\/wp-content\/uploads\/2023\/03\/IMG_3722-682x1024.jpg\" alt=\"\" data-id=\"1322\" data-full-url=\"https:\/\/www.magnus-hoffmann-schule.de\/wp-content\/uploads\/2023\/03\/IMG_3722-scaled.jpg\" data-link=\"https:\/\/www.magnus-hoffmann-schule.de\/?attachment_id=1322\" class=\"wp-image-1322\" srcset=\"https:\/\/www.magnus-hoffmann-schule.de\/wp-content\/uploads\/2023\/03\/IMG_3722-682x1024.jpg 682w, https:\/\/www.magnus-hoffmann-schule.de\/wp-content\/uploads\/2023\/03\/IMG_3722-200x300.jpg 200w, https:\/\/www.magnus-hoffmann-schule.de\/wp-content\/uploads\/2023\/03\/IMG_3722-768x1153.jpg 768w, https:\/\/www.magnus-hoffmann-schule.de\/wp-content\/uploads\/2023\/03\/IMG_3722-1023x1536.jpg 1023w, https:\/\/www.magnus-hoffmann-schule.de\/wp-content\/uploads\/2023\/03\/IMG_3722-1365x2048.jpg 1365w, https:\/\/www.magnus-hoffmann-schule.de\/wp-content\/uploads\/2023\/03\/IMG_3722-scaled.jpg 1706w\" sizes=\"(max-width: 682px) 100vw, 682px\" \/><\/figure><\/li><li class=\"blocks-gallery-item\"><figure><img loading=\"lazy\" width=\"576\" height=\"1024\" src=\"https:\/\/www.magnus-hoffmann-schule.de\/wp-content\/uploads\/2023\/03\/IMG_3720-576x1024.jpg\" alt=\"\" data-id=\"1321\" data-full-url=\"https:\/\/www.magnus-hoffmann-schule.de\/wp-content\/uploads\/2023\/03\/IMG_3720-scaled.jpg\" data-link=\"https:\/\/www.magnus-hoffmann-schule.de\/?attachment_id=1321\" class=\"wp-image-1321\" srcset=\"https:\/\/www.magnus-hoffmann-schule.de\/wp-content\/uploads\/2023\/03\/IMG_3720-576x1024.jpg 576w, https:\/\/www.magnus-hoffmann-schule.de\/wp-content\/uploads\/2023\/03\/IMG_3720-169x300.jpg 169w, https:\/\/www.magnus-hoffmann-schule.de\/wp-content\/uploads\/2023\/03\/IMG_3720-768x1365.jpg 768w, https:\/\/www.magnus-hoffmann-schule.de\/wp-content\/uploads\/2023\/03\/IMG_3720-864x1536.jpg 864w, https:\/\/www.magnus-hoffmann-schule.de\/wp-content\/uploads\/2023\/03\/IMG_3720-1152x2048.jpg 1152w, https:\/\/www.magnus-hoffmann-schule.de\/wp-content\/uploads\/2023\/03\/IMG_3720-scaled.jpg 1440w\" sizes=\"(max-width: 576px) 100vw, 576px\" \/><\/figure><\/li><\/ul><\/figure>\n\n\n\n<p><strong>Sportabzeichen f\u00fcr unsere F\u00fcnft- und Sechstkl\u00e4ssler*innen<\/strong><\/p>\n\n\n\n<p>Endlich war es wieder so weit. Die Sch\u00fcler*innen der 5.\/ 6. Klassen fuhren gemeinsam ins  Stahlstadion nach Brandenburg zu einer Sportveranstaltung. Es gab neben den Pflichtdisziplinen Sprint und Weitsprung viele tolle, sportliche Aktivit\u00e4ten, welche die Sch\u00fcler*innen ausprobieren konnten. Alle gaben ihr Bestes und hatten einen sch\u00f6nen Sporttag.<\/p>\n\n\n\n<div class=\"wp-block-image\"><figure class=\"alignleft size-large is-resized\"><img loading=\"lazy\" src=\"https:\/\/www.magnus-hoffmann-schule.de\/wp-content\/uploads\/2022\/09\/IMG_2655.jpeg\" alt=\"\" class=\"wp-image-1100\" width=\"415\" height=\"310\" srcset=\"https:\/\/www.magnus-hoffmann-schule.de\/wp-content\/uploads\/2022\/09\/IMG_2655.jpeg 800w, https:\/\/www.magnus-hoffmann-schule.de\/wp-content\/uploads\/2022\/09\/IMG_2655-300x225.jpeg 300w, https:\/\/www.magnus-hoffmann-schule.de\/wp-content\/uploads\/2022\/09\/IMG_2655-768x576.jpeg 768w\" sizes=\"(max-width: 415px) 100vw, 415px\" \/><\/figure><\/div>\n\n\n\n<figure class=\"wp-block-gallery columns-1 is-cropped\"><ul class=\"blocks-gallery-grid\"><li class=\"blocks-gallery-item\"><figure><img loading=\"lazy\" width=\"800\" height=\"600\" src=\"https:\/\/www.magnus-hoffmann-schule.de\/wp-content\/uploads\/2022\/09\/IMG_2654-1.jpeg\" alt=\"\" data-id=\"1101\" class=\"wp-image-1101\" srcset=\"https:\/\/www.magnus-hoffmann-schule.de\/wp-content\/uploads\/2022\/09\/IMG_2654-1.jpeg 800w, https:\/\/www.magnus-hoffmann-schule.de\/wp-content\/uploads\/2022\/09\/IMG_2654-1-300x225.jpeg 300w, https:\/\/www.magnus-hoffmann-schule.de\/wp-content\/uploads\/2022\/09\/IMG_2654-1-768x576.jpeg 768w\" sizes=\"(max-width: 706px) 89vw, (max-width: 767px) 82vw, 740px\" \/><\/figure><\/li><\/ul><\/figure>\n","protected":false},"excerpt":{"rendered":"<p>Kim\u00f6 vs. Wuwi \u2013 Sportlicher Wettkampf bei sommerlicher Hitze Am 18. Juni 2025 fand f\u00fcr die 6. Klassen der Magnus-Hoffmann-Grundschule in Kirchm\u00f6ser ein ganz besonderer Sporttag statt: Gemeinsam fuhren alle Sch\u00fclerinnen und Sch\u00fcler mit dem Fahrrad nach Wusterwitz, um sich dort mit den 6. Klassen der Wilhelm-G\u00f6tze-Grundschule sportlich zu messen. Bei sommerlich, hei\u00dfen Temperaturen standen &hellip; <\/p>\n<p class=\"link-more\"><a href=\"https:\/\/www.magnus-hoffmann-schule.de\/?page_id=120\" class=\"more-link\"><span class=\"screen-reader-text\">\u201eSportveranstaltungen\u201c<\/span> weiterlesen<\/a><\/p>\n","protected":false},"author":4,"featured_media":0,"parent":0,"menu_order":0,"comment_status":"closed","ping_status":"closed","template":"","meta":[],"_links":{"self":[{"href":"https:\/\/www.magnus-hoffmann-schule.de\/index.php?rest_route=\/wp\/v2\/pages\/120"}],"collection":[{"href":"https:\/\/www.magnus-hoffmann-schule.de\/index.php?rest_route=\/wp\/v2\/pages"}],"about":[{"href":"https:\/\/www.magnus-hoffmann-schule.de\/index.php?rest_route=\/wp\/v2\/types\/page"}],"author":[{"embeddable":true,"href":"https:\/\/www.magnus-hoffmann-schule.de\/index.php?rest_route=\/wp\/v2\/users\/4"}],"replies":[{"embeddable":true,"href":"https:\/\/www.magnus-hoffmann-schule.de\/index.php?rest_route=%2Fwp%2Fv2%2Fcomments&post=120"}],"version-history":[{"count":10,"href":"https:\/\/www.magnus-hoffmann-schule.de\/index.php?rest_route=\/wp\/v2\/pages\/120\/revisions"}],"predecessor-version":[{"id":1675,"href":"https:\/\/www.magnus-hoffmann-schule.de\/index.php?rest_route=\/wp\/v2\/pages\/120\/revisions\/1675"}],"wp:attachment":[{"href":"https:\/\/www.magnus-hoffmann-schule.de\/index.php?rest_route=%2Fwp%2Fv2%2Fmedia&parent=120"}],"curies":[{"name":"wp","href":"https:\/\/api.w.org\/{rel}","templated":true}]}}